{"id":1042,"date":"2021-05-17T15:52:29","date_gmt":"2021-05-17T12:52:29","guid":{"rendered":"https:\/\/www.svenskfinlandskrigsankebarn.multi.fi\/?page_id=1042"},"modified":"2024-06-09T08:37:25","modified_gmt":"2024-06-09T05:37:25","slug":"uppvaktningar-pa-de-stupades-dag-16-05-2021","status":"publish","type":"page","link":"https:\/\/www.svenskfinlandskrigsankebarn.multi.fi\/?page_id=1042","title":{"rendered":"Uppvaktningar p\u00e5 De Stupades Dag"},"content":{"rendered":"\n<figure class=\"wp-block-image\"><img loading=\"lazy\" decoding=\"async\" width=\"1024\" height=\"768\" src=\"https:\/\/www.svenskfinlandskrigsankebarn.multi.fi\/wp-content\/uploads\/2024\/06\/IMG_1158-1024x768.jpg\" alt=\"\" class=\"wp-image-1636\" srcset=\"https:\/\/www.svenskfinlandskrigsankebarn.multi.fi\/wp-content\/uploads\/2024\/06\/IMG_1158-1024x768.jpg 1024w, https:\/\/www.svenskfinlandskrigsankebarn.multi.fi\/wp-content\/uploads\/2024\/06\/IMG_1158-300x225.jpg 300w, https:\/\/www.svenskfinlandskrigsankebarn.multi.fi\/wp-content\/uploads\/2024\/06\/IMG_1158-768x576.jpg 768w\" sizes=\"auto, (max-width: 1024px) 100vw, 1024px\" \/><figcaption>Borg\u00e5 19.05.2024          foto Rainer<\/figcaption><\/figure>\n\n\n\n<figure class=\"wp-block-image is-resized\"><img loading=\"lazy\" decoding=\"async\" src=\"https:\/\/www.svenskfinlandskrigsankebarn.multi.fi\/wp-content\/uploads\/2024\/06\/image0.jpeg\" alt=\"\" class=\"wp-image-1637\" width=\"678\" height=\"905\" srcset=\"https:\/\/www.svenskfinlandskrigsankebarn.multi.fi\/wp-content\/uploads\/2024\/06\/image0.jpeg 240w, https:\/\/www.svenskfinlandskrigsankebarn.multi.fi\/wp-content\/uploads\/2024\/06\/image0-225x300.jpeg 225w\" sizes=\"auto, (max-width: 678px) 100vw, 678px\" \/><figcaption>Karis 19.05.2024          foto Ulla Nordstr\u00f6m<\/figcaption><\/figure>\n\n\n\n<figure class=\"wp-block-image\"><img loading=\"lazy\" decoding=\"async\" width=\"768\" height=\"1024\" src=\"https:\/\/www.svenskfinlandskrigsankebarn.multi.fi\/wp-content\/uploads\/2024\/06\/PHOTO-2024-05-21-19-25-02-768x1024.jpg\" alt=\"\" class=\"wp-image-1635\" srcset=\"https:\/\/www.svenskfinlandskrigsankebarn.multi.fi\/wp-content\/uploads\/2024\/06\/PHOTO-2024-05-21-19-25-02-768x1024.jpg 768w, https:\/\/www.svenskfinlandskrigsankebarn.multi.fi\/wp-content\/uploads\/2024\/06\/PHOTO-2024-05-21-19-25-02-225x300.jpg 225w, https:\/\/www.svenskfinlandskrigsankebarn.multi.fi\/wp-content\/uploads\/2024\/06\/PHOTO-2024-05-21-19-25-02.jpg 1536w\" sizes=\"auto, (max-width: 768px) 100vw, 768px\" \/><figcaption>Virkby 19.05.2024     foto Gretel Fyrqvist<\/figcaption><\/figure>\n\n\n\n<figure class=\"wp-block-image\"><img loading=\"lazy\" decoding=\"async\" width=\"836\" height=\"627\" src=\"https:\/\/www.svenskfinlandskrigsankebarn.multi.fi\/wp-content\/uploads\/2023\/05\/IMG_0962.jpg\" alt=\"\" class=\"wp-image-1439\" srcset=\"https:\/\/www.svenskfinlandskrigsankebarn.multi.fi\/wp-content\/uploads\/2023\/05\/IMG_0962.jpg 836w, https:\/\/www.svenskfinlandskrigsankebarn.multi.fi\/wp-content\/uploads\/2023\/05\/IMG_0962-300x225.jpg 300w, https:\/\/www.svenskfinlandskrigsankebarn.multi.fi\/wp-content\/uploads\/2023\/05\/IMG_0962-768x576.jpg 768w\" sizes=\"auto, (max-width: 836px) 100vw, 836px\" \/><figcaption>Borg\u00e5 21.05.2023<\/figcaption><\/figure>\n\n\n\n<figure class=\"wp-block-image\"><img loading=\"lazy\" decoding=\"async\" width=\"1024\" height=\"682\" src=\"https:\/\/www.svenskfinlandskrigsankebarn.multi.fi\/wp-content\/uploads\/2023\/05\/21.5.2023-Pargas_BPL3352-1024x682.jpeg\" alt=\"\" class=\"wp-image-1437\" srcset=\"https:\/\/www.svenskfinlandskrigsankebarn.multi.fi\/wp-content\/uploads\/2023\/05\/21.5.2023-Pargas_BPL3352-1024x682.jpeg 1024w, https:\/\/www.svenskfinlandskrigsankebarn.multi.fi\/wp-content\/uploads\/2023\/05\/21.5.2023-Pargas_BPL3352-300x200.jpeg 300w, https:\/\/www.svenskfinlandskrigsankebarn.multi.fi\/wp-content\/uploads\/2023\/05\/21.5.2023-Pargas_BPL3352-768x512.jpeg 768w, https:\/\/www.svenskfinlandskrigsankebarn.multi.fi\/wp-content\/uploads\/2023\/05\/21.5.2023-Pargas_BPL3352.jpeg 1280w\" sizes=\"auto, (max-width: 1024px) 100vw, 1024px\" \/><figcaption>Pargas 21.05.2023<\/figcaption><\/figure>\n\n\n\n<figure class=\"wp-block-image\"><img loading=\"lazy\" decoding=\"async\" width=\"1024\" height=\"768\" src=\"https:\/\/www.svenskfinlandskrigsankebarn.multi.fi\/wp-content\/uploads\/2023\/05\/Svart\u00e5-1024x768.jpg\" alt=\"\" class=\"wp-image-1435\" srcset=\"https:\/\/www.svenskfinlandskrigsankebarn.multi.fi\/wp-content\/uploads\/2023\/05\/Svart\u00e5-1024x768.jpg 1024w, https:\/\/www.svenskfinlandskrigsankebarn.multi.fi\/wp-content\/uploads\/2023\/05\/Svart\u00e5-300x225.jpg 300w, https:\/\/www.svenskfinlandskrigsankebarn.multi.fi\/wp-content\/uploads\/2023\/05\/Svart\u00e5-768x576.jpg 768w\" sizes=\"auto, (max-width: 1024px) 100vw, 1024px\" \/><figcaption>Svart\u00e5 21.05.2023<\/figcaption><\/figure>\n\n\n\n<figure class=\"wp-block-image\"><img loading=\"lazy\" decoding=\"async\" width=\"768\" height=\"1024\" src=\"https:\/\/www.svenskfinlandskrigsankebarn.multi.fi\/wp-content\/uploads\/2023\/05\/Virkby-768x1024.jpg\" alt=\"\" class=\"wp-image-1438\" srcset=\"https:\/\/www.svenskfinlandskrigsankebarn.multi.fi\/wp-content\/uploads\/2023\/05\/Virkby-768x1024.jpg 768w, https:\/\/www.svenskfinlandskrigsankebarn.multi.fi\/wp-content\/uploads\/2023\/05\/Virkby-225x300.jpg 225w, https:\/\/www.svenskfinlandskrigsankebarn.multi.fi\/wp-content\/uploads\/2023\/05\/Virkby.jpg 1536w\" sizes=\"auto, (max-width: 768px) 100vw, 768px\" \/><figcaption>Virkby 21.05.2023<\/figcaption><\/figure>\n\n\n\n<figure class=\"wp-block-image\"><img loading=\"lazy\" decoding=\"async\" width=\"509\" height=\"381\" src=\"https:\/\/www.svenskfinlandskrigsankebarn.multi.fi\/wp-content\/uploads\/2022\/06\/Resized-20220515-135212.jpg\" alt=\"\" class=\"wp-image-1284\" srcset=\"https:\/\/www.svenskfinlandskrigsankebarn.multi.fi\/wp-content\/uploads\/2022\/06\/Resized-20220515-135212.jpg 509w, https:\/\/www.svenskfinlandskrigsankebarn.multi.fi\/wp-content\/uploads\/2022\/06\/Resized-20220515-135212-300x225.jpg 300w\" sizes=\"auto, (max-width: 509px) 100vw, 509px\" \/><figcaption>Borg\u00e5 2022<\/figcaption><\/figure>\n\n\n\n<figure class=\"wp-block-image\"><img loading=\"lazy\" decoding=\"async\" width=\"640\" height=\"445\" src=\"https:\/\/www.svenskfinlandskrigsankebarn.multi.fi\/wp-content\/uploads\/2022\/06\/image.png\" alt=\"\" class=\"wp-image-1283\" srcset=\"https:\/\/www.svenskfinlandskrigsankebarn.multi.fi\/wp-content\/uploads\/2022\/06\/image.png 640w, https:\/\/www.svenskfinlandskrigsankebarn.multi.fi\/wp-content\/uploads\/2022\/06\/image-300x209.png 300w\" sizes=\"auto, (max-width: 640px) 100vw, 640px\" \/><figcaption>Pargas 2022<\/figcaption><\/figure>\n\n\n\n<figure class=\"wp-block-image is-resized\"><img loading=\"lazy\" decoding=\"async\" src=\"https:\/\/www.svenskfinlandskrigsankebarn.multi.fi\/wp-content\/uploads\/2021\/05\/IMG_1008.jpg\" alt=\"V\u00f6r\u00e5 Hj\u00e4ltegraven \" class=\"wp-image-1057\" width=\"677\" height=\"903\"\/><figcaption>V\u00f6r\u00e5 Hj\u00e4ltegraven<br>fotot skickad av Gunvor Skata 2021<\/figcaption><\/figure>\n\n\n\n<figure class=\"wp-block-image\"><img decoding=\"async\" src=\"https:\/\/www.svenskfinlandskrigsankebarn.multi.fi\/wp-content\/uploads\/2021\/05\/e2db67a8-be12-490b-9dc1-d9511a6a63c3-1-1-768x1024.jpg\" alt=\"Virkby hj\u00e4ltegrav\n\nfoto Gretel Fyrqvist\" class=\"wp-image-1041\"\/><figcaption>Virkby hj\u00e4ltegrav <br>foto Gretel Fyrqvist 2021<\/figcaption><\/figure>\n\n\n\n<figure class=\"wp-block-image\"><img loading=\"lazy\" decoding=\"async\" width=\"768\" height=\"1024\" src=\"https:\/\/www.svenskfinlandskrigsankebarn.multi.fi\/wp-content\/uploads\/2021\/05\/IMG_20210516_105258-768x1024.jpg\" alt=\"\" class=\"wp-image-1038\" srcset=\"https:\/\/www.svenskfinlandskrigsankebarn.multi.fi\/wp-content\/uploads\/2021\/05\/IMG_20210516_105258-768x1024.jpg 768w, https:\/\/www.svenskfinlandskrigsankebarn.multi.fi\/wp-content\/uploads\/2021\/05\/IMG_20210516_105258-225x300.jpg 225w\" sizes=\"auto, (max-width: 768px) 100vw, 768px\" \/><figcaption>Uppvaktningen vid Esbo Kyrka <br>foto Pertti Reijonen 2021<\/figcaption><\/figure>\n\n\n\n<figure class=\"wp-block-image\"><img loading=\"lazy\" decoding=\"async\" width=\"768\" height=\"1024\" src=\"https:\/\/www.svenskfinlandskrigsankebarn.multi.fi\/wp-content\/uploads\/2021\/05\/IMG_20210516_110441-768x1024.jpg\" alt=\"\" class=\"wp-image-1036\" srcset=\"https:\/\/www.svenskfinlandskrigsankebarn.multi.fi\/wp-content\/uploads\/2021\/05\/IMG_20210516_110441-768x1024.jpg 768w, https:\/\/www.svenskfinlandskrigsankebarn.multi.fi\/wp-content\/uploads\/2021\/05\/IMG_20210516_110441-225x300.jpg 225w\" sizes=\"auto, (max-width: 768px) 100vw, 768px\" \/><figcaption>Esbo hj\u00e4ltegrav <br>foto Pertti Reijonen 2021<\/figcaption><\/figure>\n\n\n\n<figure class=\"wp-block-image\"><img decoding=\"async\" src=\"https:\/\/www.svenskfinlandskrigsankebarn.multi.fi\/wp-content\/uploads\/2021\/05\/IMG_0596-2-1024x768.jpg\" alt=\"\" class=\"wp-image-1053\"\/><figcaption>Borg\u00e5 <\/figcaption><\/figure>\n","protected":false},"excerpt":{"rendered":"","protected":false},"author":3,"featured_media":0,"parent":0,"menu_order":0,"comment_status":"closed","ping_status":"closed","template":"","meta":{"footnotes":""},"class_list":["post-1042","page","type-page","status-publish","hentry"],"_links":{"self":[{"href":"https:\/\/www.svenskfinlandskrigsankebarn.multi.fi\/index.php?rest_route=\/wp\/v2\/pages\/1042","targetHints":{"allow":["GET"]}}],"collection":[{"href":"https:\/\/www.svenskfinlandskrigsankebarn.multi.fi\/index.php?rest_route=\/wp\/v2\/pages"}],"about":[{"href":"https:\/\/www.svenskfinlandskrigsankebarn.multi.fi\/index.php?rest_route=\/wp\/v2\/types\/page"}],"author":[{"embeddable":true,"href":"https:\/\/www.svenskfinlandskrigsankebarn.multi.fi\/index.php?rest_route=\/wp\/v2\/users\/3"}],"replies":[{"embeddable":true,"href":"https:\/\/www.svenskfinlandskrigsankebarn.multi.fi\/index.php?rest_route=%2Fwp%2Fv2%2Fcomments&post=1042"}],"version-history":[{"count":14,"href":"https:\/\/www.svenskfinlandskrigsankebarn.multi.fi\/index.php?rest_route=\/wp\/v2\/pages\/1042\/revisions"}],"predecessor-version":[{"id":1640,"href":"https:\/\/www.svenskfinlandskrigsankebarn.multi.fi\/index.php?rest_route=\/wp\/v2\/pages\/1042\/revisions\/1640"}],"wp:attachment":[{"href":"https:\/\/www.svenskfinlandskrigsankebarn.multi.fi\/index.php?rest_route=%2Fwp%2Fv2%2Fmedia&parent=1042"}],"curies":[{"name":"wp","href":"https:\/\/api.w.org\/{rel}","templated":true}]}}