{"id":168,"date":"2016-11-16T22:13:57","date_gmt":"2016-11-16T20:13:57","guid":{"rendered":"https:\/\/www.svenskfinlandskrigsankebarn.multi.fi\/?page_id=168"},"modified":"2026-03-27T14:53:33","modified_gmt":"2026-03-27T12:53:33","slug":"kontaktupgifter","status":"publish","type":"page","link":"https:\/\/www.svenskfinlandskrigsankebarn.multi.fi\/?page_id=168","title":{"rendered":"Kontaktupgifter"},"content":{"rendered":"\n<p class=\"has-text-align-left\">  &nbsp;                                               &nbsp; <\/p>\n\n\n\n<p> &nbsp; &nbsp; &nbsp; &nbsp; &nbsp; <\/p>\n\n\n\n<div class=\"wp-block-media-text alignwide\"><figure class=\"wp-block-media-text__media\"><img decoding=\"async\" src=\"https:\/\/www.svenskfinlandskrigsankebarn.multi.fi\/wp-content\/uploads\/2023\/08\/v\u00e5rt-emble-2.jpg\" alt=\"\" class=\"wp-image-1461 size-full\"\/><\/figure><div class=\"wp-block-media-text__content\">\n<p class=\"has-large-font-size\"><\/p>\n<\/div><\/div>\n\n\n\n<p><strong>Kontaktuppgifter<\/strong><\/p>\n\n\n\n<p><strong>Ordf. Caj Grundstr\u00f6m&nbsp;&nbsp;&nbsp;&nbsp;&nbsp;&nbsp;&nbsp;&nbsp;&nbsp;       &nbsp;&nbsp;&nbsp;&nbsp;&nbsp; Sibbo&nbsp;&nbsp;&nbsp;&nbsp;&nbsp;&nbsp;&nbsp; 0400 461458 <\/strong> <br> <a href=\"caj.grundstrom@finnport.fi\">grundstrom.caj@gmail.com<\/a><\/p>\n\n\n\n<div class=\"wp-block-group is-vertical is-layout-flex wp-container-core-group-is-layout-8cf370e7 wp-block-group-is-layout-flex\">\n<p><strong>Viceordf. Lars H\u00f6glund&nbsp;&nbsp;&nbsp;&nbsp;&nbsp;&nbsp;&nbsp;&nbsp;&nbsp;&nbsp;&nbsp;&nbsp;&nbsp;&nbsp;&nbsp;&nbsp;&nbsp;&nbsp;&nbsp;&nbsp; &nbsp;&nbsp;&nbsp;&nbsp;&nbsp; &nbsp; Vasa&nbsp;&nbsp;&nbsp;&nbsp;&nbsp;&nbsp;&nbsp;&nbsp;&nbsp;&nbsp;&nbsp; 050 530 8140 <\/strong><a href=\"lars.hoglund28@gmail.com\">lars.hoglund28@gmail.com<\/a><\/p>\n\n\n\n<p><strong>Sekreterare Ann-Sofi R\u00f6j-Lindberg\u00a0\u00a0\u00a0\u00a0\u00a0\u00a0\u00a0\u00a0\u00a0\u00a0 Sundom\u00a0\u00a0\u00a0 \u00a0\u00a0 050 599 7724 <\/strong><\/p>\n\n\n\n<p><a href=\"aroj@abo.fi\">aroj@abo.fi<\/a><\/p>\n<\/div>\n\n\n\n<p><strong> Kass\u00f6r Rainer Laurila&nbsp;&nbsp;&nbsp;&nbsp;&nbsp;&nbsp;&nbsp;&nbsp;&nbsp;&nbsp;&nbsp;&nbsp;&nbsp;&nbsp;&nbsp;&nbsp;&nbsp;&nbsp;&nbsp;&nbsp;&nbsp; Borg\u00e5&nbsp;&nbsp;&nbsp;&nbsp;&nbsp;&nbsp;&nbsp;&nbsp; 040 732 8745 <\/strong><a href=\"krigsankebarn@gmail.com\">krigsankebarn@gmail.com<\/a><a href=\"mailto:lars.hoglund28@gmail.com\"><\/a><\/p>\n\n\n\n<div class=\"wp-block-group is-vertical is-layout-flex wp-container-core-group-is-layout-8cf370e7 wp-block-group-is-layout-flex\">\n<p class=\"has-dark-gray-color has-text-color has-link-color wp-elements-b64ef36fa3e9bde2ead2ba8d889bd1ad wp-container-content-9cfa9a5a\">Arkivsk\u00f6tare B\u00f6<strong>rje Anderson&nbsp;&nbsp; &nbsp;&nbsp;Korsholm&nbsp;&nbsp;&nbsp; 050 591 7958 <\/strong><\/p>\n\n\n\n<p><a href=\"branders1720@gmail.com\">branders1720@gmail.com<\/a><\/p>\n<\/div>\n\n\n\n<p><\/p>\n\n\n\n<p><\/p>\n\n\n\n<p><\/p>\n\n\n\n<p><\/p>\n\n\n\n<p><\/p>\n\n\n\n<p><\/p>\n\n\n\n<ul class=\"wp-block-list\">\n<li><\/li>\n<\/ul>\n\n\n\n<p><\/p>\n","protected":false},"excerpt":{"rendered":"<p>&nbsp; &nbsp; &nbsp; &nbsp; &nbsp; &nbsp; &nbsp; Kontaktuppgifter Ordf. Caj Grundstr\u00f6m&nbsp;&nbsp;&nbsp;&nbsp;&nbsp;&nbsp;&nbsp;&nbsp;&nbsp; &nbsp;&nbsp;&nbsp;&nbsp;&nbsp; Sibbo&nbsp;&nbsp;&nbsp;&nbsp;&nbsp;&nbsp;&nbsp; 0400 461458 grundstrom.caj@gmail.com Viceordf. Lars H\u00f6glund&nbsp;&nbsp;&nbsp;&nbsp;&nbsp;&nbsp;&nbsp;&nbsp;&nbsp;&nbsp;&nbsp;&nbsp;&nbsp;&nbsp;&nbsp;&nbsp;&nbsp;&nbsp;&nbsp;&nbsp; &nbsp;&nbsp;&nbsp;&nbsp;&nbsp; &nbsp; Vasa&nbsp;&nbsp;&nbsp;&nbsp;&nbsp;&nbsp;&nbsp;&nbsp;&nbsp;&nbsp;&nbsp; 050 530 8140 lars.hoglund28@gmail.com Sekreterare Ann-Sofi R\u00f6j-Lindberg\u00a0\u00a0\u00a0\u00a0\u00a0\u00a0\u00a0\u00a0\u00a0\u00a0 Sundom\u00a0\u00a0\u00a0 \u00a0\u00a0 050 599 7724 aroj@abo.fi Kass\u00f6r Rainer Laurila&nbsp;&nbsp;&nbsp;&nbsp;&nbsp;&nbsp;&nbsp;&nbsp;&nbsp;&nbsp;&nbsp;&nbsp;&nbsp;&nbsp;&nbsp;&nbsp;&nbsp;&nbsp;&nbsp;&nbsp;&nbsp; Borg\u00e5&nbsp;&nbsp;&nbsp;&nbsp;&nbsp;&nbsp;&nbsp;&nbsp; 040 732 8745 krigsankebarn@gmail.com Arkivsk\u00f6tare B\u00f6rje Anderson&nbsp;&nbsp; &nbsp;&nbsp;Korsholm&nbsp;&nbsp;&nbsp; 050 591 7958 branders1720@gmail.com<\/p>\n","protected":false},"author":3,"featured_media":0,"parent":0,"menu_order":0,"comment_status":"closed","ping_status":"closed","template":"","meta":{"footnotes":""},"class_list":["post-168","page","type-page","status-publish","hentry"],"_links":{"self":[{"href":"https:\/\/www.svenskfinlandskrigsankebarn.multi.fi\/index.php?rest_route=\/wp\/v2\/pages\/168","targetHints":{"allow":["GET"]}}],"collection":[{"href":"https:\/\/www.svenskfinlandskrigsankebarn.multi.fi\/index.php?rest_route=\/wp\/v2\/pages"}],"about":[{"href":"https:\/\/www.svenskfinlandskrigsankebarn.multi.fi\/index.php?rest_route=\/wp\/v2\/types\/page"}],"author":[{"embeddable":true,"href":"https:\/\/www.svenskfinlandskrigsankebarn.multi.fi\/index.php?rest_route=\/wp\/v2\/users\/3"}],"replies":[{"embeddable":true,"href":"https:\/\/www.svenskfinlandskrigsankebarn.multi.fi\/index.php?rest_route=%2Fwp%2Fv2%2Fcomments&post=168"}],"version-history":[{"count":75,"href":"https:\/\/www.svenskfinlandskrigsankebarn.multi.fi\/index.php?rest_route=\/wp\/v2\/pages\/168\/revisions"}],"predecessor-version":[{"id":1974,"href":"https:\/\/www.svenskfinlandskrigsankebarn.multi.fi\/index.php?rest_route=\/wp\/v2\/pages\/168\/revisions\/1974"}],"wp:attachment":[{"href":"https:\/\/www.svenskfinlandskrigsankebarn.multi.fi\/index.php?rest_route=%2Fwp%2Fv2%2Fmedia&parent=168"}],"curies":[{"name":"wp","href":"https:\/\/api.w.org\/{rel}","templated":true}]}}