{"id":1798,"date":"2025-03-17T08:09:08","date_gmt":"2025-03-17T06:09:08","guid":{"rendered":"https:\/\/www.svenskfinlandskrigsankebarn.multi.fi\/?page_id=1798"},"modified":"2025-03-17T08:25:49","modified_gmt":"2025-03-17T06:25:49","slug":"dokument","status":"publish","type":"page","link":"https:\/\/www.svenskfinlandskrigsankebarn.multi.fi\/?page_id=1798","title":{"rendered":"Dokument"},"content":{"rendered":"\n<p>Adresser du kommer till dokument som ber\u00e4ttar av os.<\/p>\n\n\n\n<p>Klicka p\u00e5 adressen nedan.<\/p>\n\n\n\n<p><strong>Hj\u00e4ltinnebarn (Sankarila<\/strong>pset)<\/p>\n\n\n\n<p><a href=\"https:\/\/arenan.yle.fi\/1-3848693\">https:\/\/arenan.yle.fi\/1-3848693<\/a><\/p>\n\n\n\n<p><strong>624 brev av min far<\/strong><\/p>\n\n\n\n<p><a href=\"https:\/\/arenan.yle.fi\/1-2153377\">https:\/\/arenan.yle.fi\/1-2153377<\/a><\/p>\n\n\n\n<p><\/p>\n","protected":false},"excerpt":{"rendered":"<p>Adresser du kommer till dokument som ber\u00e4ttar av os. Klicka p\u00e5 adressen nedan. Hj\u00e4ltinnebarn (Sankarilapset) https:\/\/arenan.yle.fi\/1-3848693 624 brev av min far https:\/\/arenan.yle.fi\/1-2153377<\/p>\n","protected":false},"author":3,"featured_media":0,"parent":0,"menu_order":0,"comment_status":"closed","ping_status":"closed","template":"","meta":{"footnotes":""},"class_list":["post-1798","page","type-page","status-publish","hentry"],"_links":{"self":[{"href":"https:\/\/www.svenskfinlandskrigsankebarn.multi.fi\/index.php?rest_route=\/wp\/v2\/pages\/1798","targetHints":{"allow":["GET"]}}],"collection":[{"href":"https:\/\/www.svenskfinlandskrigsankebarn.multi.fi\/index.php?rest_route=\/wp\/v2\/pages"}],"about":[{"href":"https:\/\/www.svenskfinlandskrigsankebarn.multi.fi\/index.php?rest_route=\/wp\/v2\/types\/page"}],"author":[{"embeddable":true,"href":"https:\/\/www.svenskfinlandskrigsankebarn.multi.fi\/index.php?rest_route=\/wp\/v2\/users\/3"}],"replies":[{"embeddable":true,"href":"https:\/\/www.svenskfinlandskrigsankebarn.multi.fi\/index.php?rest_route=%2Fwp%2Fv2%2Fcomments&post=1798"}],"version-history":[{"count":5,"href":"https:\/\/www.svenskfinlandskrigsankebarn.multi.fi\/index.php?rest_route=\/wp\/v2\/pages\/1798\/revisions"}],"predecessor-version":[{"id":1806,"href":"https:\/\/www.svenskfinlandskrigsankebarn.multi.fi\/index.php?rest_route=\/wp\/v2\/pages\/1798\/revisions\/1806"}],"wp:attachment":[{"href":"https:\/\/www.svenskfinlandskrigsankebarn.multi.fi\/index.php?rest_route=%2Fwp%2Fv2%2Fmedia&parent=1798"}],"curies":[{"name":"wp","href":"https:\/\/api.w.org\/{rel}","templated":true}]}}