{"id":27,"date":"2016-06-20T13:58:32","date_gmt":"2016-06-20T10:58:32","guid":{"rendered":"https:\/\/www.svenskfinlandskrigsankebarn.multi.fi\/?page_id=27"},"modified":"2016-06-20T22:56:48","modified_gmt":"2016-06-20T19:56:48","slug":"krigsarkivet","status":"publish","type":"page","link":"https:\/\/www.svenskfinlandskrigsankebarn.multi.fi\/?page_id=27","title":{"rendered":"Krigsarkivet"},"content":{"rendered":"<h3>Vad man kan hitta i Krigsarkivet<\/h3>\n<p align=\"left\"><span style=\"font-size: large;\">Arkivverket har en hel del uppgifter om kriget 1939-45. Databasen \u00f6ver de stupade \u00e4r kanske den viktigaste:<\/span><\/p>\n<p align=\"left\"><span style=\"font-size: large;\">\u00a0<a href=\"http:\/\/kronos.narc.fi\/menehtyneet\/\">http:\/\/kronos.narc.fi\/menehtyneet\/<\/a><\/span><\/p>\n<p align=\"left\"><span style=\"font-size: large;\"><b>Tips:<\/b> N\u00e4r du s\u00f6ker, s\u00e4tt inte i f\u00f6r m\u00e5nga s\u00f6kfaktorer. B\u00f6rja med att s\u00e4tta in enbart efternamnet.<\/span><\/p>\n<p align=\"left\"><span style=\"font-size: large;\"><b>Obs:<\/b> Alla som dog p\u00e5 grund av kriget finns inte med i databasen. Den omfattar fr\u00e4mst dem som dog vid fronten eller av skador de fick vid fronten.<\/span><\/p>\n<p align=\"left\"><span style=\"font-size: large;\"><b>Vinter- och forts\u00e4ttningskrigens personhistoriska k\u00e4llor:<\/b><\/span><\/p>\n<p align=\"left\"><a href=\"http:\/\/wiki.narc.fi\/portti\/index.php\/Tema:_Vinter-_och_forts%C3%A4ttningskrigets_personhistoriska_k%C3%A4llor\">http:\/\/wiki.narc.fi\/portti\/index.php\/Tema:_Vinter-_och_forts%C3%A4ttningskrigets_personhistoriska_k%C3%A4llor<\/a><\/p>\n<p align=\"left\"><span style=\"font-size: large;\">Ifall sidan ser konstig ut, \u00e4ndra spr\u00e5k till Finska, sedan tillbaka till Svenska.<\/span><\/p>\n<p align=\"left\"><span style=\"font-size: large;\">Krigsdagb\u00f6ckerna f\u00f6r de olika f\u00f6rbanden finns inskannade och \u00e4r l\u00e4sbara p\u00e5 internet. Problemet \u00e4r att hitta r\u00e4tt f\u00f6rband:<\/span><\/p>\n<h3 align=\"left\">\u00a0Hur hittar jag den krigsdagbok jag letar efter?<\/h3>\n<p><span style=\"font-size: large;\">Krigsdagb\u00f6ckerna har digitaliserats och publicerats p\u00e5 Internet f\u00f6r att g\u00f6ra dem tillg\u00e4ngliga f\u00f6r alla. Uppgifterna om dem finns i arkivverkets databas Vakka, som samtidigt fungerar som genv\u00e4g till enskilda dagb\u00f6cker. Den h\u00e4r sidan ger r\u00e5d och tips om hur man hittar r\u00e4tt dagbok i databasen.<\/span><\/p>\n<p><span style=\"font-size: large;\">F\u00f6r att ta reda p\u00e5 vad som h\u00e4nt ett truppf\u00f6rband, r\u00e4cker det att k\u00e4nna till f\u00f6rbandets namn och huruvida fr\u00e5gan g\u00e4ller vinter- eller forts\u00e4ttningskriget. F\u00f6r att kunna studera en enskild person, m\u00e5ste man veta vid vilken enhet och n\u00e4r han tj\u00e4nstgjorde. De h\u00e4r uppgifterna finns uppr\u00e4knade i personens soldatpass eller, ifall att det f\u00f6rkommit eller inte finns att tillg\u00e5, i hans stamkort p\u00e5 Riksarkivet (mer om stamkorten nedan). H\u00e4r finns en del <a title=\"R\u00e5d f\u00f6r att tyda uppgifter i stamkorten\" href=\"http:\/\/wiki.narc.fi\/portti\/index.php\/R%C3%A5d_f%C3%B6r_att_tyda_uppgifter_i_stamkorten\">r\u00e5d f\u00f6r att tyda uppgifter i stamkorten<\/a>. I stamkortet st\u00e5r all information i form av f\u00f6rkortningar, som b\u00f6r uttydas, antingen med hj\u00e4lp av forskningslitteratur eller med hj\u00e4lp av arkivverkets <a class=\"external text\" href=\"http:\/\/www.narc.fi\/cgi-bin\/db2www\/lyhenne.mac\/lyhenne\" rel=\"nofollow\">s\u00f6kmotor f\u00f6r f\u00f6rkortningar<\/a>. Krigsdagb\u00f6cker s\u00f6ks i arkivdatabasen genom att skriva ut truppf\u00f6rbandets namn (inte f\u00f6rkortningen) i s\u00f6kf\u00e4ltet. Tr\u00e4ffarna utg\u00f6rs av de av f\u00f6rbandets krigsdagb\u00f6cker som bevarats och finns p\u00e5 Riksarkivet.<\/span><\/p>\n<h1><span id=\"Vad_.C3.A4r_ett_stamkort.3F\" class=\"mw-headline\"><span style=\"font-size: large;\">Vad \u00e4r ett stamkort?<\/span><\/span><\/h1>\n<p><span style=\"font-size: large;\">Stamkortet \u00e4r en handling som uppgjorts f\u00f6r varje v\u00e4rnpliktig. I stamkortet finns information om den v\u00e4rnpliktigas tj\u00e4nst vid f\u00f6rsvarsmakten fr\u00e5n att han varit vid uppb\u00e5d till att han hemf\u00f6rlovats, stupat eller pensionerats. Till de ifyllda uppgifterna h\u00f6r bland annat personens tj\u00e4nstg\u00f6ringsplats och -tid, bel\u00f6ningar och straff, befordringar och eventuella stridsorter under kriget. F\u00f6r att veta vilka krigsdagb\u00f6cker som \u00e4r relevanta ur en personhistorisk synvinkel \u00e4r s\u00e4rskilt uppgifterna om tj\u00e4nstg\u00f6ringsplats och -tid centrala.<\/span><\/p>\n<p><span style=\"font-size: large;\">Systematiska stamkort uppgjordes f\u00f6rsta g\u00e5ngen f\u00f6r de v\u00e4rnpliktiga vilka var f\u00f6dda 1897 och vilka 1919 inkallades som f\u00f6rsta \u00e5rskull i det sj\u00e4lvst\u00e4ndiga Finland. I undantagsfall finns stamkort f\u00f6r personer som var f\u00f6dda f\u00f6re 1897, till exempel f\u00f6r personer som verkade inom f\u00f6rsvarsmakten under dess f\u00f6rsta \u00e5r utan att inleda sin tj\u00e4nst som bev\u00e4ring. De yngsta stamkorten i Riksarkivet g\u00e4ller personer f\u00f6dda 1949.<\/span><\/p>\n<h1><span id=\"Vilka_stamkort_f.C3.A5r_jag_anv.C3.A4nda_och_hur.3F\" class=\"mw-headline\"><span style=\"font-size: large;\">Vilka stamkort f\u00e5r jag anv\u00e4nda och hur?<\/span><\/span><\/h1>\n<p><span style=\"font-size: large;\">I princip f\u00e5r man studera alla stamkort \u00f6ver personer som inte l\u00e4ngre h\u00f6r till reserven (med undantag f\u00f6r det h\u00f6gsta bef\u00e4let g\u00e4ller det h\u00e4r personer som fyllt 60). Tj\u00e4nstg\u00f6ringsuppgifterna \u00e4r alltid offentliga, medan lagstiftningen avg\u00f6r i vilken m\u00e5n \u00f6vriga uppgifter ges till k\u00e4nna.<\/span><\/p>\n<p><span style=\"font-size: large;\">Stamkort best\u00e4lls med blanketten <a class=\"external text\" href=\"http:\/\/www.arkisto.fi\/Arkistolaitos\/sve\/webbtjanster\/index.html\" rel=\"nofollow\">F\u00f6rsvarsmaktens personhandlingar<\/a> som finns bland arkivverkets webbtj\u00e4nster. Eftersom blanketten m\u00e5ste undertecknas, b\u00f6r den skickas ifylld till adressen som st\u00e5r p\u00e5 den. Vid behov \u00e4r det ocks\u00e5 m\u00f6jligt att best\u00e4lla pappersblanketter per e-post (arkisto@narc.fi) eller telefon (09-2285 21). Om det g\u00e5tt minst 50 \u00e5r sedan personens d\u00f6d, g\u00e5r det att best\u00e4lla stamkortet i fr\u00e5ga till forskarsalen p\u00e5 arkivet eller hemskickade kopior per e-post (samma adress), utan blankett.<\/span><\/p>\n<p><span style=\"font-size: large;\">N\u00e4r du fyller i blanketten v\u00e4ljer du om du vill ha kopior av stamkortet hemskickade eller om du vill studera originalen i forskarsalen p\u00e5 Riksarkivets enhet i S\u00f6rn\u00e4s. Att studera handlingar i forskarsalen \u00e4r avgiftsfritt, medan arkivet tar en avgift f\u00f6r hemskickade kopior enligt arkivverkets prislista. Handl\u00e4ggningen varierar fr\u00e5n n\u00e5gra dagar till tv\u00e5 veckor, oberoende av vilket alternativ du valt.<\/span><\/p>\n<p><span style=\"font-size: large;\">Ifall linken till stamkortsbest\u00e4llningen inte fungerar, pr\u00f6va denna link:<\/span><\/p>\n<p><a href=\"http:\/\/www.arkisto.fi\/uploads\/Aineistot\/Lomakkeet\/Henkil%C3%B6asiakirjatilaus_ajantasainen.doc\"><span style=\"font-size: large;\">Puolustushallinnon henkil\u00f6asiakirjojen tilauslomake<\/span><\/a><\/p>\n<p>&nbsp;<\/p>\n<p><b>TACK<\/b><\/p>\n<p><span style=\"font-size: large;\">Till Bengt-Vilhelm och Sig-Britt Lev\u00f3n ett stort tack f\u00f6r hj\u00e4lp med insamlande av data.<\/span><\/p>\n","protected":false},"excerpt":{"rendered":"<p>Vad man kan hitta i Krigsarkivet Arkivverket har en hel del uppgifter om kriget 1939-45. Databasen \u00f6ver de stupade \u00e4r kanske den viktigaste: \u00a0http:\/\/kronos.narc.fi\/menehtyneet\/ Tips: N\u00e4r du s\u00f6ker, s\u00e4tt inte i f\u00f6r m\u00e5nga s\u00f6kfaktorer. B\u00f6rja med att s\u00e4tta in enbart efternamnet. Obs: Alla som dog p\u00e5 grund av kriget finns inte med i databasen. Den &hellip; <a href=\"https:\/\/www.svenskfinlandskrigsankebarn.multi.fi\/?page_id=27\" class=\"more-link\">Forts\u00e4tt l\u00e4sa <span class=\"screen-reader-text\">Krigsarkivet<\/span><\/a><\/p>\n","protected":false},"author":1,"featured_media":0,"parent":0,"menu_order":7,"comment_status":"closed","ping_status":"closed","template":"","meta":{"footnotes":""},"class_list":["post-27","page","type-page","status-publish","hentry"],"_links":{"self":[{"href":"https:\/\/www.svenskfinlandskrigsankebarn.multi.fi\/index.php?rest_route=\/wp\/v2\/pages\/27","targetHints":{"allow":["GET"]}}],"collection":[{"href":"https:\/\/www.svenskfinlandskrigsankebarn.multi.fi\/index.php?rest_route=\/wp\/v2\/pages"}],"about":[{"href":"https:\/\/www.svenskfinlandskrigsankebarn.multi.fi\/index.php?rest_route=\/wp\/v2\/types\/page"}],"author":[{"embeddable":true,"href":"https:\/\/www.svenskfinlandskrigsankebarn.multi.fi\/index.php?rest_route=\/wp\/v2\/users\/1"}],"replies":[{"embeddable":true,"href":"https:\/\/www.svenskfinlandskrigsankebarn.multi.fi\/index.php?rest_route=%2Fwp%2Fv2%2Fcomments&post=27"}],"version-history":[{"count":5,"href":"https:\/\/www.svenskfinlandskrigsankebarn.multi.fi\/index.php?rest_route=\/wp\/v2\/pages\/27\/revisions"}],"predecessor-version":[{"id":118,"href":"https:\/\/www.svenskfinlandskrigsankebarn.multi.fi\/index.php?rest_route=\/wp\/v2\/pages\/27\/revisions\/118"}],"wp:attachment":[{"href":"https:\/\/www.svenskfinlandskrigsankebarn.multi.fi\/index.php?rest_route=%2Fwp%2Fv2%2Fmedia&parent=27"}],"curies":[{"name":"wp","href":"https:\/\/api.w.org\/{rel}","templated":true}]}}