{"id":382,"date":"2017-10-03T09:58:53","date_gmt":"2017-10-03T06:58:53","guid":{"rendered":"https:\/\/www.svenskfinlandskrigsankebarn.multi.fi\/?page_id=382"},"modified":"2024-02-06T08:21:28","modified_gmt":"2024-02-06T06:21:28","slug":"material-bank","status":"publish","type":"page","link":"https:\/\/www.svenskfinlandskrigsankebarn.multi.fi\/?page_id=382","title":{"rendered":"Materialbank"},"content":{"rendered":"<p><img loading=\"lazy\" decoding=\"async\" class=\"alignnone size-full wp-image-379\" src=\"https:\/\/www.svenskfinlandskrigsankebarn.multi.fi\/wp-content\/uploads\/2017\/10\/Logo-1.jpg\" alt=\"\" width=\"108\" height=\"358\" \/>\u00a0 EMBLEM I D\u00d6DSANNONSEN<\/p>\n<p><img loading=\"lazy\" decoding=\"async\" class=\"wp-image-50 alignleft\" src=\"https:\/\/www.svenskfinlandskrigsankebarn.multi.fi\/wp-content\/uploads\/2016\/06\/emblem_stor.jpg\" alt=\"V\u00e5rt emblem\" width=\"153\" height=\"187\" \/><\/p>\n<p>V\u00c5R EMBLEM<\/p>\n<h6><\/h6>\n<p><img loading=\"lazy\" decoding=\"async\" class=\"alignnone wp-image-159\" src=\"https:\/\/www.svenskfinlandskrigsankebarn.multi.fi\/wp-content\/uploads\/2016\/11\/sotaorpo-tunnus.png\" alt=\"\" width=\"131\" height=\"110\" \/>\u00a0 \u00a0 \u00a0 \u00a0STATENS M\u00c4RKE F\u00d6R KRIGSV\u00c4RNL\u00d6SA<\/p>\n<h6><\/h6>\n<h6><\/h6>\n","protected":false},"excerpt":{"rendered":"<p>\u00a0 EMBLEM I D\u00d6DSANNONSEN V\u00c5R EMBLEM \u00a0 \u00a0 \u00a0 \u00a0STATENS M\u00c4RKE F\u00d6R KRIGSV\u00c4RNL\u00d6SA<\/p>\n","protected":false},"author":3,"featured_media":0,"parent":0,"menu_order":0,"comment_status":"closed","ping_status":"closed","template":"","meta":{"footnotes":""},"class_list":["post-382","page","type-page","status-publish","hentry"],"_links":{"self":[{"href":"https:\/\/www.svenskfinlandskrigsankebarn.multi.fi\/index.php?rest_route=\/wp\/v2\/pages\/382","targetHints":{"allow":["GET"]}}],"collection":[{"href":"https:\/\/www.svenskfinlandskrigsankebarn.multi.fi\/index.php?rest_route=\/wp\/v2\/pages"}],"about":[{"href":"https:\/\/www.svenskfinlandskrigsankebarn.multi.fi\/index.php?rest_route=\/wp\/v2\/types\/page"}],"author":[{"embeddable":true,"href":"https:\/\/www.svenskfinlandskrigsankebarn.multi.fi\/index.php?rest_route=\/wp\/v2\/users\/3"}],"replies":[{"embeddable":true,"href":"https:\/\/www.svenskfinlandskrigsankebarn.multi.fi\/index.php?rest_route=%2Fwp%2Fv2%2Fcomments&post=382"}],"version-history":[{"count":9,"href":"https:\/\/www.svenskfinlandskrigsankebarn.multi.fi\/index.php?rest_route=\/wp\/v2\/pages\/382\/revisions"}],"predecessor-version":[{"id":1528,"href":"https:\/\/www.svenskfinlandskrigsankebarn.multi.fi\/index.php?rest_route=\/wp\/v2\/pages\/382\/revisions\/1528"}],"wp:attachment":[{"href":"https:\/\/www.svenskfinlandskrigsankebarn.multi.fi\/index.php?rest_route=%2Fwp%2Fv2%2Fmedia&parent=382"}],"curies":[{"name":"wp","href":"https:\/\/api.w.org\/{rel}","templated":true}]}}