{"id":39,"date":"2016-06-20T13:59:10","date_gmt":"2016-06-20T10:59:10","guid":{"rendered":"https:\/\/www.svenskfinlandskrigsankebarn.multi.fi\/?page_id=39"},"modified":"2016-11-17T11:01:27","modified_gmt":"2016-11-17T09:01:27","slug":"krigsvarnloshetsmarket","status":"publish","type":"page","link":"https:\/\/www.svenskfinlandskrigsankebarn.multi.fi\/?page_id=39","title":{"rendered":"Krigsv\u00e4rnl\u00f6shetsm\u00e4rket"},"content":{"rendered":"<h3><strong><img loading=\"lazy\" decoding=\"async\" class=\"alignnone size-full wp-image-159\" src=\"https:\/\/www.svenskfinlandskrigsankebarn.multi.fi\/wp-content\/uploads\/2016\/11\/sotaorpo-tunnus.png\" alt=\"sotaorpo-tunnus\" width=\"105\" height=\"88\" \/>\u00a0 Statens m\u00e4rke f\u00f6r krigsv\u00e4rnl\u00f6sa<\/strong><\/h3>\n<p><strong>F\u00f6rbundet f\u00f6r de Stupades Anh\u00f6riga, f\u00f6ljebrev<\/strong><\/p>\n<p><strong>\u00c4rade mottagare<\/strong><\/p>\n<p>F\u00f6rbundet f\u00f6r de Stupades Anh\u00f6riga (KOL) startade \u00e5r 2009 ett projekt vars m\u00e5l var att samla uppgifter om Finlands krigsv\u00e4rnl\u00f6sa i ett gemensamt register. Cirka 16 000 krigsv\u00e4rnl\u00f6sas data \u00e4r nu samlade i registret. Ocks\u00e5 Ni har fyllt i anm\u00e4lningsblanketten f\u00f6r registret.<\/p>\n<p>Ett av KOL:s m\u00e5l \u00e4r att f\u00e4sta statsmaktens uppm\u00e4rksamhet p\u00e5 att erk\u00e4nna de krigsv\u00e4rnl\u00f6sas status med hj\u00e4lp av registret \u00f6ver de krigsv\u00e4rnl\u00f6sa.<\/p>\n<p>Efter m\u00e5nga krokar i l\u00e5ngdansen kunde statens representanter &#8211; d\u00e5varande statsminister Jyrki Katainen och social- och h\u00e4lsominister Paula Risikko &#8211; p\u00e5 h\u00f6sten 2013 ge statens hedersbetygelse till de krigsv\u00e4rnl\u00f6sa. Med detta brev f\u00f6ljer en avskrift av den ursprungliga hedersbetygelsen. Med f\u00f6ljer ocks\u00e5 KOL:s personliga intyg \u00f6ver att Ni \u00e4r krigsv\u00e4rnl\u00f6s, samt krigsv\u00e4rnl\u00f6shetsm\u00e4rket, gjort av konstn\u00e4r Aimo Vuorinen.<\/p>\n<p><strong>Om krigsv\u00e4rnl\u00f6shetsm\u00e4rkets symbolik:<\/strong><\/p>\n<p>Utg\u00e5ngspunkten har varit den fr\u00e5n heraldiken bekanta franska liljan, som h\u00e4r representerar det frihetsideal som anknyter till v\u00e5r sak. Silverf\u00e4rgen betyder att vi h\u00f6gaktar, erk\u00e4nner. Korset visar p\u00e5 det offer, som v\u00e5r far eller mor gav fosterlandet. Det lilla lejonet \u00e4r bevis p\u00e5 att statsmakten har beviljat m\u00e4rket.<\/p>\n<p><strong>S\u00e5 h\u00e4r b\u00f6r m\u00e4rket b\u00e4ras:<\/strong><\/p>\n<p>Krigsv\u00e4rnl\u00f6shetsm\u00e4rket kan b\u00e4ras s\u00e5v\u00e4l till vardags som till fest. M\u00e4rket f\u00e4sts p\u00e5 rockuppslaget eller motsvarande plats p\u00e5 v\u00e4nstra sidan. D\u00e5 man b\u00e4r m\u00e4rket tillsammans med andra utm\u00e4rkelsetecken rekommenderas att krigsv\u00e4rnl\u00f6shetsm\u00e4rket b\u00e4rs n\u00e4rmast hj\u00e4rtat. Samtidigt kan man b\u00e4ra h\u00f6gst tv\u00e5 m\u00e4rken i rockuppslaget, dock anpassat till situationen. Man b\u00f6r ocks\u00e5 iaktta ordenskapitlens regler d\u00e5 man b\u00e4r v\u00e5rt m\u00e4rke.<\/p>\n<p>M\u00e4rket och medf\u00f6ljande diplom har producerats och distribuerats med hj\u00e4lp av projektbidrag fr\u00e5n PAF (Penningautomatf\u00f6reningen).<\/p>\n<p>Till KOL h\u00f6r 71 medlemsf\u00f6reningar vars verksamhet t\u00e4cker hela Finland. F\u00f6reningarna har ca. 11 000 medlemmar av vilka krigsv\u00e4rnl\u00f6sa ca. 9 300.<\/p>\n<p>&nbsp;<\/p>\n<p>Med v\u00e4nlig h\u00e4lsning<\/p>\n<p>KAATUNEITTEN OMAISTEN LIITTO RY<\/p>\n","protected":false},"excerpt":{"rendered":"<p>\u00a0 Statens m\u00e4rke f\u00f6r krigsv\u00e4rnl\u00f6sa F\u00f6rbundet f\u00f6r de Stupades Anh\u00f6riga, f\u00f6ljebrev \u00c4rade mottagare F\u00f6rbundet f\u00f6r de Stupades Anh\u00f6riga (KOL) startade \u00e5r 2009 ett projekt vars m\u00e5l var att samla uppgifter om Finlands krigsv\u00e4rnl\u00f6sa i ett gemensamt register. Cirka 16 000 krigsv\u00e4rnl\u00f6sas data \u00e4r nu samlade i registret. Ocks\u00e5 Ni har fyllt i anm\u00e4lningsblanketten f\u00f6r registret. &hellip; <a href=\"https:\/\/www.svenskfinlandskrigsankebarn.multi.fi\/?page_id=39\" class=\"more-link\">Forts\u00e4tt l\u00e4sa <span class=\"screen-reader-text\">Krigsv\u00e4rnl\u00f6shetsm\u00e4rket<\/span><\/a><\/p>\n","protected":false},"author":1,"featured_media":0,"parent":0,"menu_order":11,"comment_status":"closed","ping_status":"closed","template":"","meta":{"footnotes":""},"class_list":["post-39","page","type-page","status-publish","hentry"],"_links":{"self":[{"href":"https:\/\/www.svenskfinlandskrigsankebarn.multi.fi\/index.php?rest_route=\/wp\/v2\/pages\/39","targetHints":{"allow":["GET"]}}],"collection":[{"href":"https:\/\/www.svenskfinlandskrigsankebarn.multi.fi\/index.php?rest_route=\/wp\/v2\/pages"}],"about":[{"href":"https:\/\/www.svenskfinlandskrigsankebarn.multi.fi\/index.php?rest_route=\/wp\/v2\/types\/page"}],"author":[{"embeddable":true,"href":"https:\/\/www.svenskfinlandskrigsankebarn.multi.fi\/index.php?rest_route=\/wp\/v2\/users\/1"}],"replies":[{"embeddable":true,"href":"https:\/\/www.svenskfinlandskrigsankebarn.multi.fi\/index.php?rest_route=%2Fwp%2Fv2%2Fcomments&post=39"}],"version-history":[{"count":3,"href":"https:\/\/www.svenskfinlandskrigsankebarn.multi.fi\/index.php?rest_route=\/wp\/v2\/pages\/39\/revisions"}],"predecessor-version":[{"id":177,"href":"https:\/\/www.svenskfinlandskrigsankebarn.multi.fi\/index.php?rest_route=\/wp\/v2\/pages\/39\/revisions\/177"}],"wp:attachment":[{"href":"https:\/\/www.svenskfinlandskrigsankebarn.multi.fi\/index.php?rest_route=%2Fwp%2Fv2%2Fmedia&parent=39"}],"curies":[{"name":"wp","href":"https:\/\/api.w.org\/{rel}","templated":true}]}}