{"id":4,"date":"2016-06-20T12:46:13","date_gmt":"2016-06-20T09:46:13","guid":{"rendered":"https:\/\/www.svenskfinlandskrigsankebarn.multi.fi\/?page_id=4"},"modified":"2026-01-26T09:38:25","modified_gmt":"2026-01-26T07:38:25","slug":"hem","status":"publish","type":"page","link":"https:\/\/www.svenskfinlandskrigsankebarn.multi.fi\/","title":{"rendered":"Svenskfinlands krigs\u00e4nkebarn rf"},"content":{"rendered":"\n<h2 class=\"wp-block-heading\"><\/h2>\n\n\n\n<h2 class=\"wp-block-heading\">&nbsp;<\/h2>\n\n\n\n<h2 class=\"wp-block-heading\">&nbsp;<\/h2>\n\n\n<div class=\"wp-block-image\">\n<figure class=\"aligncenter is-resized\"><img decoding=\"async\" src=\"https:\/\/www.svenskfinlandskrigsankebarn.multi.fi\/wp-content\/uploads\/2023\/08\/v%C3%A5rt-emble-150x150.jpg\" alt=\"\" style=\"width:176px;height:auto\"\/><\/figure>\n<\/div>\n\n<div class=\"wp-block-image\">\n<figure class=\"alignleft\"><img decoding=\"async\" src=\"https:\/\/www.svenskfinlandskrigsankebarn.multi.fi\/wp-content\/uploads\/2016\/06\/emblem_stor-245x300.jpg\" alt=\"V\u00e5rt emblem\" class=\"wp-image-50\"\/><\/figure>\n<\/div>\n\n\n<p><\/p>\n\n\n<div class=\"wp-block-image\">\n<figure class=\"alignright\"><img loading=\"lazy\" decoding=\"async\" width=\"105\" height=\"88\" src=\"https:\/\/www.svenskfinlandskrigsankebarn.multi.fi\/wp-content\/uploads\/2016\/11\/sotaorpo-tunnus.png\" alt=\"sotaorpo-tunnus\" class=\"wp-image-159\"\/><\/figure>\n<\/div>\n\n\n<p><strong>F\u00f6r vem \u00e4r v\u00e5r f\u00f6rening?<\/strong><\/p>\n\n\n\n<p>F\u00f6r krigs\u00e4nkebarnen; vars f\u00f6r\u00e4lder under krigen 1939-45 stupat, f\u00f6rsvunnit, s\u00e5rats eller d\u00f6tt p\u00e5 grund av omst\u00e4ndigheter f\u00f6rorsakade av kriget. Ocks\u00e5 krigs\u00e4nkebarnens \u00e4ttlingar och utl\u00e4ndska medborgare som uppfyller kraven kan bli medlemmar.<\/p>\n\n\n\n<p><strong>Var finns vi?<\/strong><\/p>\n\n\n\n<p>F\u00f6reningens hemort \u00e4r Vasa stad och verksamhetsomr\u00e5det \u00e4r hela svenskspr\u00e5kiga Finland.<\/p>\n\n\n\n<p><strong>Vad g\u00f6r vi?<\/strong><\/p>\n\n\n\n<ul class=\"wp-block-list\">\n<li>Ordnar medlemsm\u00f6ten med f\u00f6redrag, exkursioner, uppvaktningar vid hj\u00e4ltegravarna p\u00e5 de stupades dag,<\/li>\n\n\n\n<li>H\u00e5ller kontakt med f\u00f6reningar, myndigheter och beslutsfattare,<\/li>\n\n\n\n<li>Forskar inom krigs\u00e4nkebarnens verksamhetsomr\u00e5de,<\/li>\n\n\n\n<li>Insamlar och dokumenterar data om krigs\u00e4nkebarnens livs\u00f6den och erfarenheter.<\/li>\n<\/ul>\n\n\n\n<p><strong>Vad vill vi?<\/strong><\/p>\n\n\n\n<ul class=\"wp-block-list\">\n<li><em>V\u00e5rda minnet av dem som mist livet i krigsf\u00f6rh\u00e5landen,<\/em><\/li>\n\n\n\n<li><em>Arbeta f\u00f6r rekreations- och rehabiliternigsm\u00f6jligheter,<\/em><\/li>\n\n\n\n<li><em>H\u00e5lla kontakt med samh\u00e4llets beslutsfattare och p\u00e5minna om krigs\u00e4nkemarnens uppoffringar,<\/em><\/li>\n\n\n\n<li><em>Umg\u00e5s med andra m\u00e4nskor med samma bakgrund.<\/em><\/li>\n<\/ul>\n\n\n\n<p><strong>Ekonomin<\/strong><\/p>\n\n\n\n<p>f\u00f6r att st\u00f6dja verksamheten s\u00f6ker vi stipendier fr\u00e5n olika fonder och upp\u00e4r en liten medlemsavgift, f\u00f6r n\u00e4rvarande 20\u20ac. F\u00f6reningen kan ta emot g\u00e5v\u00e5r och testamenten. Ocks\u00e5 lotterier och penningsinsamlingar kan ordnas.<\/p>\n\n\n\n<p><strong>Om du vill bli medlem i v\u00e5r f\u00f6rening.<\/strong><\/p>\n\n\n\n<p>Du kan anm\u00e4la dig med,<\/p>\n\n\n\n<p>F\u00f6rnamn:<br>Sl\u00e4ktnamn:<br>Tidigare sl\u00e4ktnamn:<br>Adress:<br>Telefon:<br>e-post<\/p>\n\n\n\n<p>S\u00e4nd uppgifterna till.<\/p>\n\n\n\n<p>Svenskfinlands krigs\u00e4nkebarn rf<br>c\/o Caj Grundstr\u00f6m<br>Tarapottsv\u00e4gen 12<br>01150 S\u00f6derkulla<\/p>\n\n\n\n<p>eller e-post:caj.grundstrom@finnport.fi<\/p>\n\n\n\n<p>tel. +358 400 461 458<\/p>\n\n\n\n<p><\/p>\n","protected":false},"excerpt":{"rendered":"<p>&nbsp; &nbsp; F\u00f6r vem \u00e4r v\u00e5r f\u00f6rening? F\u00f6r krigs\u00e4nkebarnen; vars f\u00f6r\u00e4lder under krigen 1939-45 stupat, f\u00f6rsvunnit, s\u00e5rats eller d\u00f6tt p\u00e5 grund av omst\u00e4ndigheter f\u00f6rorsakade av kriget. Ocks\u00e5 krigs\u00e4nkebarnens \u00e4ttlingar och utl\u00e4ndska medborgare som uppfyller kraven kan bli medlemmar. Var finns vi? F\u00f6reningens hemort \u00e4r Vasa stad och verksamhetsomr\u00e5det \u00e4r hela svenskspr\u00e5kiga Finland. Vad g\u00f6r vi? &hellip; <a href=\"https:\/\/www.svenskfinlandskrigsankebarn.multi.fi\/\" class=\"more-link\">Forts\u00e4tt l\u00e4sa <span class=\"screen-reader-text\">Svenskfinlands krigs\u00e4nkebarn rf<\/span><\/a><\/p>\n","protected":false},"author":1,"featured_media":0,"parent":0,"menu_order":0,"comment_status":"closed","ping_status":"closed","template":"","meta":{"footnotes":""},"class_list":["post-4","page","type-page","status-publish","hentry"],"_links":{"self":[{"href":"https:\/\/www.svenskfinlandskrigsankebarn.multi.fi\/index.php?rest_route=\/wp\/v2\/pages\/4","targetHints":{"allow":["GET"]}}],"collection":[{"href":"https:\/\/www.svenskfinlandskrigsankebarn.multi.fi\/index.php?rest_route=\/wp\/v2\/pages"}],"about":[{"href":"https:\/\/www.svenskfinlandskrigsankebarn.multi.fi\/index.php?rest_route=\/wp\/v2\/types\/page"}],"author":[{"embeddable":true,"href":"https:\/\/www.svenskfinlandskrigsankebarn.multi.fi\/index.php?rest_route=\/wp\/v2\/users\/1"}],"replies":[{"embeddable":true,"href":"https:\/\/www.svenskfinlandskrigsankebarn.multi.fi\/index.php?rest_route=%2Fwp%2Fv2%2Fcomments&post=4"}],"version-history":[{"count":28,"href":"https:\/\/www.svenskfinlandskrigsankebarn.multi.fi\/index.php?rest_route=\/wp\/v2\/pages\/4\/revisions"}],"predecessor-version":[{"id":1926,"href":"https:\/\/www.svenskfinlandskrigsankebarn.multi.fi\/index.php?rest_route=\/wp\/v2\/pages\/4\/revisions\/1926"}],"wp:attachment":[{"href":"https:\/\/www.svenskfinlandskrigsankebarn.multi.fi\/index.php?rest_route=%2Fwp%2Fv2%2Fmedia&parent=4"}],"curies":[{"name":"wp","href":"https:\/\/api.w.org\/{rel}","templated":true}]}}