{"id":9,"date":"2016-06-20T13:57:29","date_gmt":"2016-06-20T10:57:29","guid":{"rendered":"https:\/\/www.svenskfinlandskrigsankebarn.multi.fi\/?page_id=9"},"modified":"2016-06-20T15:36:01","modified_gmt":"2016-06-20T12:36:01","slug":"stadgar","status":"publish","type":"page","link":"https:\/\/www.svenskfinlandskrigsankebarn.multi.fi\/?page_id=9","title":{"rendered":"Stadgar"},"content":{"rendered":"<p><strong>1 \u00a7 F\u00f6reningens namn, hemort och spr\u00e5k<\/strong><\/p>\n<p>F\u00f6reningens namn \u00e4r Svenskfinlands krigs\u00e4nkebarn rf. F\u00f6reningens hemort \u00e4r Vasa stad och verksamhetsomr\u00e5det \u00e4r det svenskspr\u00e5kiga Finland. F\u00f6reningen \u00e4r ideell, opolitisk, icke konfessionell och dess spr\u00e5k \u00e4r svenska.<\/p>\n<p>&nbsp;<\/p>\n<p><strong>2 \u00a7 F\u00f6reningens \u00e4ndam\u00e5l och verksamhetsform<\/strong><\/p>\n<p>F\u00f6reningen verkar sj\u00e4lvst\u00e4ndigt f\u00f6r att p\u00e5 sitt verksamhetsomr\u00e5de tillgodose och befr\u00e4mja de personers intressen, vars f\u00f6r\u00e4lder under kriget 1939-45 stupat, f\u00f6rsvunnit, s\u00e5rats eller d\u00f6tt p\u00e5 grund av omst\u00e4ndigheter f\u00f6rorsakade av kriget. Dessa personer kallas h\u00e4r krigs\u00e4nkebarn.<\/p>\n<p>F\u00f6reningens \u00e4ndam\u00e5l \u00e4r:<\/p>\n<ol>\n<li>att v\u00e5rda minnet av de i kriget fallna och de som mist sitt liv i krigsf\u00f6rh\u00e5llanden,<\/li>\n<li>att ordna rekreations- och rehabiliteringsverksamhet f\u00f6r sina medlemmar med syftem\u00e5l att uppeh\u00e5lla och st\u00e4rka krigs\u00e4nkebarnens tro p\u00e5 framtiden,<\/li>\n<li>att p\u00e5minna samh\u00e4llet och dess beslutsfattare om de uppoffringar som krigs\u00e4nkebarnen gjort f\u00f6r ett fritt fosterland och<\/li>\n<li>att vid behov st\u00f6dja och uppmuntra barn som genom olycksh\u00e4ndelser eller katastrofer f\u00f6rlorat en eller b\u00e5da f\u00f6r\u00e4ldrar.<\/li>\n<\/ol>\n<p>F\u00f6r att n\u00e5 sitt m\u00e5l vill f\u00f6reningen:<\/p>\n<ul>\n<li>kartl\u00e4gga krigs\u00e4nkebarnen inom sitt verksamhetsomr\u00e5de, insamla och dokumentera data om deras livs\u00f6den och erfarenheter,<\/li>\n<li>utf\u00f6ra forskning inom detta omr\u00e5de,<\/li>\n<li>ordna f\u00f6redrag och diskussioner, exkursioner och annan liknande verksamhet,<\/li>\n<li>idka publikations- och informationsverksamhet samt ta initiativ i fr\u00e5gor som r\u00f6r detta omr\u00e5de,<\/li>\n<li>h\u00e5lla kontakt med f\u00f6reningar, statliga myndigheter och beslutsfattare som st\u00e5r f\u00f6reningens verksamhet n\u00e4ra.<\/li>\n<\/ul>\n<p>F\u00f6r att st\u00f6da sin verksamhet kan f\u00f6reningen anordna penninginsamlingar och lotterier samt ta emot g\u00e5vor och testamenten. F\u00f6reningen kan \u00e4ga fast och l\u00f6s egendom.<\/p>\n<p>&nbsp;<\/p>\n<p><b>3 \u00a7 <b><\/b>F\u00f6reningens medlemmar<\/b><\/p>\n<p>Som ordinarie medlemmar i f\u00f6reningen godk\u00e4nns krigs\u00e4nkebarn och deras \u00e4ttlingar, vilka accepterar f\u00f6reningens \u00e4ndam\u00e5l och stadgar. Medlemmarna godk\u00e4nns av f\u00f6reningens styrelse. Medlem kan vara utl\u00e4ndsk medborgare.<\/p>\n<p>Som underst\u00f6dande medlem kan styrelsen godk\u00e4nna person, samfund med r\u00e4ttshandlingsf\u00f6rm\u00e5ga eller stiftelse.<\/p>\n<p>P\u00e5 f\u00f6rslag av styrelsen kan \u00e5rsm\u00f6tet, med minst \u00be av avgivna r\u00f6ster, till hedersmedlem kalla person, som p\u00e5 ett betydande s\u00e4tt befr\u00e4mjat f\u00f6reningens verksamhet. Hedersmedlem \u00e4r befriad fr\u00e5n medlemsavgift.<\/p>\n<p>&nbsp;<\/p>\n<p><strong>4 \u00a7 F\u00f6reningens medlemsf\u00f6rteckning<\/strong><\/p>\n<p>En f\u00f6rteckning \u00f6ver f\u00f6reningens medlemmar f\u00f6rs. I f\u00f6rteckningen antecknas medlemmens namn, tidigare namn, nationalitet, postadress och anslutningstid.<\/p>\n<p>&nbsp;<\/p>\n<p><strong>5 \u00a7 Medlemsavgifter <\/strong><\/p>\n<p>F\u00f6reningsmedlem betalar \u00e5rligen medlemsavgift. Avgiften f\u00f6r varje enskild medlemsgrupp best\u00e4ms p\u00e5 f\u00f6reningens \u00e5rsm\u00f6te. F\u00f6reningens styrelse kan, efter ans\u00f6kan, befria medlem fr\u00e5n \u00e5rsavgift f\u00f6r best\u00e4md tid eller tillsvidare p\u00e5 grundav sjukdom eller annan motsvarande orsak.<\/p>\n<p>&nbsp;<\/p>\n<p><b>6 \u00a7 <b><\/b>Upps\u00e4gning av medlemskap<\/b><\/p>\n<p>En medlem kan s\u00e4ga upp sitt medlemskap i f\u00f6reningen skriftligen till styrelsen eller ordf\u00f6randen, eller meddela om upps\u00e4gande vid f\u00f6reningens m\u00f6te genom att beg\u00e4ra anteckning d\u00e4rom till protokollet.<\/p>\n<p>Styrelsen kan utesluta ordinarie eller st\u00f6djande medlem, ifall denne underl\u00e5tit att betala medlemsavgift f\u00f6r tv\u00e5 (2) \u00e5r i f\u00f6ljd.<\/p>\n<p>F\u00f6reningsm\u00f6tet kan utesluta medlem, som verkar mot f\u00f6reningens stadgar och principer.<\/p>\n<p>&nbsp;<\/p>\n<p><b>7 \u00a7 <b><\/b>F\u00f6reningens m\u00f6ten<\/b><\/p>\n<p>F\u00f6reningen h\u00e5ller \u00e5rligen ett (1) \u00e5rsm\u00f6te f\u00f6re utg\u00e5ngen av mars. Styrelsen sammankallar till f\u00f6reningsm\u00f6te.<\/p>\n<p>Styrelsen har r\u00e4tt att kalla till f\u00f6reningsm\u00f6te ocks\u00e5 p\u00e5 andra orter inom verksamhetsomr\u00e5det \u00e4n f\u00f6reningens hemort.<\/p>\n<p>Kallelse till f\u00f6reningsm\u00f6te sker via brev eller e-post till samtliga medlemmar, senast tv\u00e5 (2) veckor f\u00f6re m\u00f6tet.<\/p>\n<p>Extra f\u00f6reningsm\u00f6te h\u00e5lls d\u00e5 styrelsen finner s\u00e5dant av behov p\u00e5kallat, eller d\u00e5 1\/10 av f\u00f6reningens r\u00f6stber\u00e4ttigade medlemmar skriftligen s\u00e5 kr\u00e4ver.<\/p>\n<p>Vid f\u00f6reningens m\u00f6ten har varje registrerad medlem r\u00f6str\u00e4tt. Underst\u00f6dande medlem och hedersmedlem har n\u00e4rvaro- och yttrander\u00e4tt vid f\u00f6reningens m\u00f6ten, men inte r\u00f6str\u00e4tt.<\/p>\n<p>&nbsp;<\/p>\n<p><b>8 \u00a7 \u00c4renden som behandlas av \u00e5rsm\u00f6tet<\/b><\/p>\n<p>Vid f\u00f6reningens \u00e5rsm\u00f6te behandlas f\u00f6ljande \u00e4renden:<\/p>\n<ol>\n<li>M\u00f6tets \u00f6ppnande,<\/li>\n<li>Val av ordf\u00f6rande, sekreterare och tv\u00e5 protokolljusterare f\u00f6r m\u00f6tet,<\/li>\n<li>Konstaterande av laglighet och beslutf\u00f6rhet,<\/li>\n<li>Godk\u00e4nnande av m\u00f6tets arbetsordning,<\/li>\n<li>Framl\u00e4ggs \u00e5rsber\u00e4ttelse, bokslut och revisionsber\u00e4ttelse,<\/li>\n<li>Beslut om fastst\u00e4llande av bokslutet,<\/li>\n<li>Beslut om ansvarsfrihet f\u00f6r styrelse och andra redovisningsskyldiga,<\/li>\n<li>Fastst\u00e4lls medlemsavgiftens storlek, betalningss\u00e4tt och -tid,<\/li>\n<li>Behandlas verksamhetsplanen och fastst\u00e4lls budgeten f\u00f6r f\u00f6ljande \u00e5r,<\/li>\n<li>V\u00e4ljs styrelseordf\u00f6rande, som kallas f\u00f6reningens ordf\u00f6rande,<\/li>\n<li>V\u00e4ljs styrelsemedlemmar f\u00f6r dem som \u00e4r i tur att avg\u00e5,<\/li>\n<li>V\u00e4ljs tv\u00e5 revisorer och deras suppleanter,<\/li>\n<li>\u00d6vriga \u00e4renden n\u00e4mnda i m\u00f6teskallelsen.<\/li>\n<\/ol>\n<p>Ifall en f\u00f6reningsmedlem vill ha ett \u00e4rende behandlat vid \u00e5rsm\u00f6tet, b\u00f6r styrelsen informeras skriftligt minst tre veckor f\u00f6re m\u00f6tet, s\u00e5 att \u00e4rendet kan tas med i f\u00f6redragningslistan.<\/p>\n<p>&nbsp;<\/p>\n<p><strong>9 \u00a7 Styrelsen<br \/>\n<\/strong><\/p>\n<p>F\u00f6reningens \u00e4renden sk\u00f6ts av en styrelse, vars medlemmar \u00e5rsm\u00f6tet v\u00e4ljer f\u00f6r tre \u00e5r \u00e5t g\u00e5ngen enligt ett alternerande system. Tur att avg\u00e5 best\u00e4ms f\u00f6rsta g\u00e5ngen med lottning. Styrelsen best\u00e5r av ordf\u00f6rande, vald \u00e5rligen av \u00e5rsm\u00f6tet, 7 ordinarie medlemmar samt tv\u00e5 suppleanter, vilka ocks\u00e5 kallas till styrelsem\u00f6ten. Styrelsens mandatperiod upph\u00f6r d\u00e5 ny styrelse \u00e4r utsedd. Styrelsen v\u00e4ljer inom sig viceordf\u00f6rande samt inom sig eller utifr\u00e5n sekreterare, kass\u00f6r och \u00f6vriga n\u00f6dv\u00e4ndiga funktion\u00e4rer.<\/p>\n<p>Styrelsens ordf\u00f6rande, vid f\u00f6rhinder viceordf\u00f6rande, kallar till styrelsem\u00f6te. Alla styrelsem\u00f6ten protokollf\u00f6rs.<\/p>\n<p>Styrelsen \u00e4r beslutf\u00f6r n\u00e4r f\u00f6rutom ordf\u00f6rande eller viceordf\u00f6rande fyra av medlemmarna \u00e4r n\u00e4rvarande.<\/p>\n<p>Styrelsens beslut fattas med enkel majoritet. Vid lika r\u00f6stetal avg\u00f6r ordf\u00f6randens r\u00f6st, vid val dock lotten.<\/p>\n<p>&nbsp;<\/p>\n<p><strong>10 \u00a7 <b>Styrelsens uppgifter<\/b><br \/>\n<\/strong><\/p>\n<p>Styrelsens uppgift \u00e4r att:<\/p>\n<ol>\n<li>Planera och sk\u00f6ta f\u00f6reningens verksamhet och ekonomi p\u00e5 det s\u00e4tt som f\u00f6reningens m\u00f6ten, stadgar, f\u00f6reningslagen samt andra lagar och f\u00f6rordningar kr\u00e4ver.<\/li>\n<li>Sammankalla till f\u00f6reningens m\u00f6ten.<\/li>\n<li>Verkst\u00e4lla f\u00f6reningsm\u00f6tets beslut.<\/li>\n<li>Godk\u00e4nna f\u00f6reningens medlemmar.<\/li>\n<li>Utn\u00e4mna kontaktpersoner inom olika delar av verksamhetsomr\u00e5det f\u00f6r att bevara kontakten och f\u00f6rtroendet till styrelsen.<\/li>\n<li>H\u00e5lla medlemsf\u00f6rteckningen uppdaterad.<\/li>\n<li>Ansvara f\u00f6r f\u00f6reningens ekonomi.<\/li>\n<li>Uppg\u00f6ra verksamhetsber\u00e4ttelse och bokslut f\u00f6r det g\u00e5ngna \u00e5ret.<\/li>\n<li>Uppg\u00f6ra verksamhetsplan och budget f\u00f6r f\u00f6ljande \u00e5r.<\/li>\n<li>Bereda \u00e4renden som behandlas p\u00e5 f\u00f6reningsm\u00f6tet.<\/li>\n<li>Utse n\u00f6diga representanter i utomst\u00e5ende samfund.<\/li>\n<li>Sk\u00f6ta \u00f6vriga \u00e4renden som beh\u00f6vs f\u00f6r att f\u00f6rverkliga f\u00f6reningens \u00e4ndam\u00e5l.<\/li>\n<\/ol>\n<p>&nbsp;<\/p>\n<p><strong>11 \u00a7 Verksamhetsperiod<\/strong><\/p>\n<p>F\u00f6reningens verksamhetsperiod \u00e4r ett kalender\u00e5r.<\/p>\n<p>Bokslutet ges f\u00f6r revision till revisorerna senast den 1.2.<\/p>\n<p>Revisorerna b\u00f6r ge sin ber\u00e4ttelse till styrelsen senast den 20.2.<\/p>\n<p>&nbsp;<\/p>\n<p><strong>12 \u00a7 Namnteckning<br \/>\n<\/strong><\/p>\n<p>F\u00f6reningens namn tecknas av ordf\u00f6rande, viceordf\u00f6rande och sekreterare, tv\u00e5 tillsammans.<\/p>\n<p>&nbsp;<\/p>\n<p><strong>13 \u00a7 <b>\u00c4ndringar i stadgar<\/b><br \/>\n<\/strong><\/p>\n<p>F\u00f6rslag till \u00e4ndring i stadgar b\u00f6r skriftligen l\u00e4mnas till styrelsen, som b\u00f6r meddela d\u00e4rom i kallelsen. F\u00f6r godk\u00e4nnande kr\u00e4ver \u00e4ndringsf\u00f6rslaget minst \u00be av avgivna r\u00f6ster.<\/p>\n<p>&nbsp;<\/p>\n<p><strong>14 \u00a7 <b>F\u00f6reningens uppl\u00f6sande<\/b><\/strong><\/p>\n<p>F\u00f6rslag om f\u00f6reningens uppl\u00f6sande kan behandlas p\u00e5 f\u00f6reningens m\u00f6te, om meddelande d\u00e4rom har tillst\u00e4llts medlemmarna minst tv\u00e5 (2) veckor f\u00f6re m\u00f6tet. F\u00f6rslaget b\u00f6r n\u00e4mnas i m\u00f6teskallelsen. F\u00f6rslaget om uppl\u00f6sande godk\u00e4nns, om det st\u00f6ds av minst 2\/3 av avgivna r\u00f6ster.<\/p>\n<p>Ifall f\u00f6reningen uppl\u00f6ses, b\u00f6r \u00e5terst\u00e5ende tillg\u00e5ngar \u00f6verf\u00f6ras till f\u00f6rm\u00e5n f\u00f6r i \u00a7 2 n\u00e4mnda \u00e4ndam\u00e5l p\u00e5 verksamhetsomr\u00e5det. Den mottagande parten b\u00f6r \u00e4ga r\u00e4ttskapacitet. De \u00f6verf\u00f6rda tillg\u00e5ngarna b\u00f6r f\u00f6rvaltas i s\u00e4rskild fond.<\/p>\n<p>Sista f\u00f6reningsm\u00f6tet fastst\u00e4ller vilken den mottagande parten \u00e4r.<\/p>\n<p>&nbsp;<\/p>\n<p><strong>15 \u00a7 <b>\u00d6vriga f\u00f6reskrifter<\/b><br \/>\n<\/strong><\/p>\n<p>F\u00f6r \u00e4renden som inte omn\u00e4mns i denna stadga till\u00e4mpas ikraftvarande f\u00f6reningslag och -f\u00f6rordning.<\/p>\n","protected":false},"excerpt":{"rendered":"<p>1 \u00a7 F\u00f6reningens namn, hemort och spr\u00e5k F\u00f6reningens namn \u00e4r Svenskfinlands krigs\u00e4nkebarn rf. F\u00f6reningens hemort \u00e4r Vasa stad och verksamhetsomr\u00e5det \u00e4r det svenskspr\u00e5kiga Finland. F\u00f6reningen \u00e4r ideell, opolitisk, icke konfessionell och dess spr\u00e5k \u00e4r svenska. &nbsp; 2 \u00a7 F\u00f6reningens \u00e4ndam\u00e5l och verksamhetsform F\u00f6reningen verkar sj\u00e4lvst\u00e4ndigt f\u00f6r att p\u00e5 sitt verksamhetsomr\u00e5de tillgodose och befr\u00e4mja de personers &hellip; <a href=\"https:\/\/www.svenskfinlandskrigsankebarn.multi.fi\/?page_id=9\" class=\"more-link\">Forts\u00e4tt l\u00e4sa <span class=\"screen-reader-text\">Stadgar<\/span><\/a><\/p>\n","protected":false},"author":1,"featured_media":0,"parent":0,"menu_order":1,"comment_status":"closed","ping_status":"closed","template":"","meta":{"footnotes":""},"class_list":["post-9","page","type-page","status-publish","hentry"],"_links":{"self":[{"href":"https:\/\/www.svenskfinlandskrigsankebarn.multi.fi\/index.php?rest_route=\/wp\/v2\/pages\/9","targetHints":{"allow":["GET"]}}],"collection":[{"href":"https:\/\/www.svenskfinlandskrigsankebarn.multi.fi\/index.php?rest_route=\/wp\/v2\/pages"}],"about":[{"href":"https:\/\/www.svenskfinlandskrigsankebarn.multi.fi\/index.php?rest_route=\/wp\/v2\/types\/page"}],"author":[{"embeddable":true,"href":"https:\/\/www.svenskfinlandskrigsankebarn.multi.fi\/index.php?rest_route=\/wp\/v2\/users\/1"}],"replies":[{"embeddable":true,"href":"https:\/\/www.svenskfinlandskrigsankebarn.multi.fi\/index.php?rest_route=%2Fwp%2Fv2%2Fcomments&post=9"}],"version-history":[{"count":13,"href":"https:\/\/www.svenskfinlandskrigsankebarn.multi.fi\/index.php?rest_route=\/wp\/v2\/pages\/9\/revisions"}],"predecessor-version":[{"id":1211,"href":"https:\/\/www.svenskfinlandskrigsankebarn.multi.fi\/index.php?rest_route=\/wp\/v2\/pages\/9\/revisions\/1211"}],"wp:attachment":[{"href":"https:\/\/www.svenskfinlandskrigsankebarn.multi.fi\/index.php?rest_route=%2Fwp%2Fv2%2Fmedia&parent=9"}],"curies":[{"name":"wp","href":"https:\/\/api.w.org\/{rel}","templated":true}]}}